{"id":2233,"date":"2022-07-19T15:53:52","date_gmt":"2022-07-19T13:53:52","guid":{"rendered":"https:\/\/trakaimuziejus.lt\/?page_id=2233"},"modified":"2022-07-20T09:34:40","modified_gmt":"2022-07-20T07:34:40","slug":"virtualios-parodos","status":"publish","type":"page","link":"https:\/\/trakaimuziejus.lt\/en\/virtualios-parodos\/","title":{"rendered":"Virtualios parodos"},"content":{"rendered":"<h2><strong>VIRTUALI MOKINI\u0172 PIE\u0160INI\u0172 KONKURSO \u201eTU TIEK MUMS DAVEI MIL\u017dIN\u0172\u201c PARODA<\/strong><\/h2>","protected":false},"excerpt":{"rendered":"<p>VIRTUALI MOKINI\u0172 PIE\u0160INI\u0172 KONKURSO \u201eTU TIEK MUMS DAVEI MIL\u017dIN\u0172\u201c PARODA<\/p>","protected":false},"author":2,"featured_media":0,"parent":0,"menu_order":0,"comment_status":"closed","ping_status":"closed","template":"","meta":[],"acf":[],"_links":{"self":[{"href":"https:\/\/trakaimuziejus.lt\/en\/wp-json\/wp\/v2\/pages\/2233"}],"collection":[{"href":"https:\/\/trakaimuziejus.lt\/en\/wp-json\/wp\/v2\/pages"}],"about":[{"href":"https:\/\/trakaimuziejus.lt\/en\/wp-json\/wp\/v2\/types\/page"}],"author":[{"embeddable":true,"href":"https:\/\/trakaimuziejus.lt\/en\/wp-json\/wp\/v2\/users\/2"}],"replies":[{"embeddable":true,"href":"https:\/\/trakaimuziejus.lt\/en\/wp-json\/wp\/v2\/comments?post=2233"}],"version-history":[{"count":9,"href":"https:\/\/trakaimuziejus.lt\/en\/wp-json\/wp\/v2\/pages\/2233\/revisions"}],"predecessor-version":[{"id":2262,"href":"https:\/\/trakaimuziejus.lt\/en\/wp-json\/wp\/v2\/pages\/2233\/revisions\/2262"}],"wp:attachment":[{"href":"https:\/\/trakaimuziejus.lt\/en\/wp-json\/wp\/v2\/media?parent=2233"}],"curies":[{"name":"wp","href":"https:\/\/api.w.org\/{rel}","templated":true}]}}