{"id":572,"date":"2020-12-07T00:56:06","date_gmt":"2020-12-06T22:56:06","guid":{"rendered":"https:\/\/trakaimuziejus.lt\/?page_id=572"},"modified":"2023-08-30T11:41:37","modified_gmt":"2023-08-30T09:41:37","slug":"struktura-kontaktai","status":"publish","type":"page","link":"https:\/\/trakaimuziejus.lt\/en\/lankytojams\/struktura-kontaktai\/","title":{"rendered":"How to find"},"content":{"rendered":"<section id=\"section-74-572\" class=\"ct-section\" ><div class=\"ct-section-inner-wrap\"><a id=\"link-78-572\" class=\"ct-link\" href=\"https:\/\/trakaimuziejus.lt\/en\/\"   ><div id=\"fancy_icon-76-572\" class=\"ct-fancy-icon\" ><svg id=\"svg-fancy_icon-76-572\"><use xlink:href=\"#FontAwesomeicon-home\"><\/use><\/svg><\/div><\/a><img id=\"image-77-572\" alt=\"\" src=\"https:\/\/trakaimuziejus.lt\/wp-content\/uploads\/2020\/12\/Component-13-\u2013-6@2x.png\" class=\"ct-image\"\/><a id=\"text_block-79-572\" class=\"ct-link-text\" href=\"http:\/\/\" target=\"_self\"  >How to find<\/a><\/div><\/section><section id=\"section-2-572\" class=\"ct-section\" ><div class=\"ct-section-inner-wrap\"><h1 id=\"headline-3-572\" class=\"ct-headline pilkas_head oranzinis_head\">How to find<\/h1><div id=\"new_columns-6-572\" class=\"ct-new-columns\" ><div id=\"div_block-8-572\" class=\"ct-div-block\" ><div id=\"_map-9-572\" class=\"oxy-map\" ><iframe src='https:\/\/maps.google.com\/maps?q=Karaim%C5%B3+g.+43C+Trakai&t=m&z=17&output=embed&iwloc=near&key=' frameborder=0><\/iframe><\/div><h1 id=\"headline-73-572\" class=\"ct-headline\"><div style=\"text-align: left;\">TRAKAI ISLAND CASTLE<\/div><\/h1><div id=\"text_block-31-572\" class=\"ct-text-block\" ><div style=\"text-align: left;\">Karaim\u0173 St. 43C&nbsp;<\/div><div style=\"text-align: left;\">LT \u2013 21104 Trakai&nbsp;<\/div><div style=\"text-align: left;\">Tour bookings:&nbsp;<\/div><div style=\"text-align: left;\">Tel. +370 665 26240&nbsp;<\/div><div style=\"text-align: left;\">gidai@trakaimuziejus.lt<\/div><\/div><\/div><\/div><div id=\"new_columns-37-572\" class=\"ct-new-columns\" ><div id=\"div_block-46-572\" class=\"ct-div-block\" ><div id=\"_map-47-572\" class=\"oxy-map\" ><iframe src='https:\/\/maps.google.com\/maps?q=Medinink%C5%B3+pilis%2C+%C5%A0v.+Kazimiero+gatv%C4%97%2C+Medininkai&t=m&z=12&output=embed&iwloc=near&key=' frameborder=0><\/iframe><\/div><h1 id=\"headline-48-572\" class=\"ct-headline\"><div style=\"text-align: left;\">MEDININKAI CASTLE<\/div><\/h1><div id=\"text_block-49-572\" class=\"ct-text-block\" ><div style=\"text-align: left;\">\u0160v. Kazimiero g. 2, Medininkai&nbsp;<\/div><div style=\"text-align: left;\">LT \u2013 13192, Medininkai, tel. +370 5 250 5591<\/div><div style=\"text-align: left;\">Director: Tel. +370 528 53941&nbsp;<\/div><div style=\"text-align: left;\">Museum administration: Tel. +370 528 55297&nbsp;<\/div><div style=\"text-align: left;\">Head of General Affairs Department: Tel. +370 528 53945&nbsp;<\/div><div style=\"text-align: left;\">Deputy Director \u2013 Chief Collections Curator: Tel. +370 528 53940\nDeputy Director for Museum and Cultural&nbsp;<\/div><div style=\"text-align: left;\">info@trakaimuziejus.lt<\/div><\/div><\/div><div id=\"div_block-54-572\" class=\"ct-div-block\" ><div id=\"_map-55-572\" class=\"oxy-map\" ><iframe src='https:\/\/maps.google.com\/maps?q=K%C4%99stu%C4%8Dio+g.+4&t=m&z=12&output=embed&iwloc=near&key=' frameborder=0><\/iframe><\/div><h1 id=\"headline-56-572\" class=\"ct-headline\">SACRED ART EXHIBITION<br><\/h1><div id=\"text_block-57-572\" class=\"ct-text-block\" ><div style=\"text-align: left;\">K\u0119stu\u010dio St. 4&nbsp;<\/div><div style=\"text-align: left;\">LT \u2013 21104 Trakai&nbsp;<\/div><div style=\"text-align: left;\">Director: Tel. +370 528 53941&nbsp;<\/div><div style=\"text-align: left;\">Museum administration: Tel. +370 528 55297&nbsp;<\/div><div style=\"text-align: left;\">Head of General Affairs Department: Tel. +370 528 53945&nbsp;<\/div><div style=\"text-align: left;\">Deputy Director \u2013 Chief Collections Curator: Tel. +370 528 53940\nDeputy Director for Museum and Cultural Activities: Tel. +370 528 53947&nbsp;<\/div><div style=\"text-align: left;\">info@trakaimuziejus.lt<\/div><\/div><\/div><\/div><div id=\"new_columns-51-572\" class=\"ct-new-columns\" ><div id=\"div_block-42-572\" class=\"ct-div-block\" ><div id=\"_map-43-572\" class=\"oxy-map\" ><iframe src='https:\/\/maps.google.com\/maps?q=Karaim%C5%B3+g.+22%2C+Trakai&t=m&z=12&output=embed&iwloc=near&key=' frameborder=0><\/iframe><\/div><h1 id=\"headline-44-572\" class=\"ct-headline\"><div style=\"text-align: left;\">s. \u0161ap\u0161alo karaim\u0173 tautos muziejus<br><\/div><\/h1><div id=\"text_block-45-572\" class=\"ct-text-block\" ><div style=\"text-align: left;\">Karaim\u0173 g. 22 <br><\/div><div style=\"text-align: left;\">LT \u2013 21104 Trakai&nbsp;<\/div><div style=\"text-align: left;\">Tour bookings:&nbsp;<\/div><div style=\"text-align: left;\">Tel. +370 665 26240&nbsp;<\/div><div style=\"text-align: left;\">gidai@trakaimuziejus.lt<\/div><\/div><\/div><\/div><\/div><\/section>","protected":false},"excerpt":{"rendered":"","protected":false},"author":1,"featured_media":0,"parent":1108,"menu_order":0,"comment_status":"closed","ping_status":"closed","template":"","meta":[],"acf":[],"_links":{"self":[{"href":"https:\/\/trakaimuziejus.lt\/en\/wp-json\/wp\/v2\/pages\/572"}],"collection":[{"href":"https:\/\/trakaimuziejus.lt\/en\/wp-json\/wp\/v2\/pages"}],"about":[{"href":"https:\/\/trakaimuziejus.lt\/en\/wp-json\/wp\/v2\/types\/page"}],"author":[{"embeddable":true,"href":"https:\/\/trakaimuziejus.lt\/en\/wp-json\/wp\/v2\/users\/1"}],"replies":[{"embeddable":true,"href":"https:\/\/trakaimuziejus.lt\/en\/wp-json\/wp\/v2\/comments?post=572"}],"version-history":[{"count":7,"href":"https:\/\/trakaimuziejus.lt\/en\/wp-json\/wp\/v2\/pages\/572\/revisions"}],"predecessor-version":[{"id":2849,"href":"https:\/\/trakaimuziejus.lt\/en\/wp-json\/wp\/v2\/pages\/572\/revisions\/2849"}],"up":[{"embeddable":true,"href":"https:\/\/trakaimuziejus.lt\/en\/wp-json\/wp\/v2\/pages\/1108"}],"wp:attachment":[{"href":"https:\/\/trakaimuziejus.lt\/en\/wp-json\/wp\/v2\/media?parent=572"}],"curies":[{"name":"wp","href":"https:\/\/api.w.org\/{rel}","templated":true}]}}