{"id":661,"date":"2020-12-17T05:05:08","date_gmt":"2020-12-17T03:05:08","guid":{"rendered":"https:\/\/trakaimuziejus.lt\/?page_id=661"},"modified":"2023-04-21T10:01:54","modified_gmt":"2023-04-21T08:01:54","slug":"struktura","status":"publish","type":"page","link":"https:\/\/trakaimuziejus.lt\/en\/apie-mus\/struktura\/","title":{"rendered":"Structure"},"content":{"rendered":"<section id=\"section-2-596\" class=\"ct-section\" ><div class=\"ct-section-inner-wrap\"><a id=\"link-5-596\" class=\"ct-link\" href=\"https:\/\/trakaimuziejus.lt\/en\/\"   ><div id=\"fancy_icon-4-596\" class=\"ct-fancy-icon\" ><svg id=\"svg-fancy_icon-4-596\"><use xlink:href=\"#FontAwesomeicon-home\"><\/use><\/svg><\/div><\/a><img id=\"image-7-596\" alt=\"\" src=\"https:\/\/trakaimuziejus.lt\/wp-content\/uploads\/2020\/12\/Component-13-\u2013-6@2x.png\" class=\"ct-image\"\/><div id=\"text_block-46-661\" class=\"ct-text-block\" >strukt\u016bra<\/div><\/div><\/section><section id=\"section-38-661\" class=\"ct-section\" ><div class=\"ct-section-inner-wrap\"><h1 id=\"headline-40-661\" class=\"ct-headline oranzinis_head\">Structure<\/h1><div id=\"text_block-42-661\" class=\"ct-text-block\" ><div style=\"text-align: center;\">PATVIRTINTA<\/div><div style=\"text-align: center;\">Trak\u0173 istorijos muziejaus direktoriaus 2020m. lapkri\u010dio 20d. \u012fsakymas Nr. 164-V\u012e<\/div><\/div><img id=\"image-44-661\" alt=\"\" src=\"https:\/\/trakaimuziejus.lt\/wp-content\/uploads\/2023\/04\/STRUKTURA-2023-04-.jpg\" class=\"ct-image\"\/><\/div><\/section>","protected":false},"excerpt":{"rendered":"","protected":false},"author":1,"featured_media":0,"parent":1104,"menu_order":0,"comment_status":"closed","ping_status":"closed","template":"","meta":[],"acf":[],"_links":{"self":[{"href":"https:\/\/trakaimuziejus.lt\/en\/wp-json\/wp\/v2\/pages\/661"}],"collection":[{"href":"https:\/\/trakaimuziejus.lt\/en\/wp-json\/wp\/v2\/pages"}],"about":[{"href":"https:\/\/trakaimuziejus.lt\/en\/wp-json\/wp\/v2\/types\/page"}],"author":[{"embeddable":true,"href":"https:\/\/trakaimuziejus.lt\/en\/wp-json\/wp\/v2\/users\/1"}],"replies":[{"embeddable":true,"href":"https:\/\/trakaimuziejus.lt\/en\/wp-json\/wp\/v2\/comments?post=661"}],"version-history":[{"count":2,"href":"https:\/\/trakaimuziejus.lt\/en\/wp-json\/wp\/v2\/pages\/661\/revisions"}],"predecessor-version":[{"id":1382,"href":"https:\/\/trakaimuziejus.lt\/en\/wp-json\/wp\/v2\/pages\/661\/revisions\/1382"}],"up":[{"embeddable":true,"href":"https:\/\/trakaimuziejus.lt\/en\/wp-json\/wp\/v2\/pages\/1104"}],"wp:attachment":[{"href":"https:\/\/trakaimuziejus.lt\/en\/wp-json\/wp\/v2\/media?parent=661"}],"curies":[{"name":"wp","href":"https:\/\/api.w.org\/{rel}","templated":true}]}}